{"id":159,"date":"2022-10-23T00:27:57","date_gmt":"2022-10-22T22:27:57","guid":{"rendered":"https:\/\/minee.cm\/?page_id=159"},"modified":"2022-10-29T13:30:05","modified_gmt":"2022-10-29T11:30:05","slug":"le-ministre","status":"publish","type":"page","link":"https:\/\/minee.cm\/en\/le-ministre\/","title":{"rendered":"The Minister"},"content":{"rendered":"<p><\/p>\n<p style=\"text-align: center;\"><img fetchpriority=\"high\" decoding=\"async\" class=\"alignright\" src=\"https:\/\/minee.cm\/wp-content\/uploads\/2022\/10\/Gaston-ELOUNDOU-ESSOMBA-200x300.jpg\" alt=\"Gaston ELOUNDOU ESSOMBA\" width=\"200\" height=\"300\" \/><\/p>\n<p>&nbsp;<\/p>\n<p style=\"text-align: center;\">Je vous souhaite la bienvenue sur le site Web du <b>Minist\u00e8re de l\u2019Eau et de l\u2019Energie.<\/b><\/p>\n<p>Ce site vous permet de mieux conna\u00eetre le D\u00e9partement minist\u00e9riel en charge de l\u2019Eau et de l&#8217; Energie, ses missions, son organisation, et ses structures tant au niveau central qu\u2019\u00e0 celui des R\u00e9gions.<\/p>\n<p>Ce site vous informe \u00e9galement des activit\u00e9s du Minist\u00e8re ainsi que des diff\u00e9rentes proc\u00e9dures et formalit\u00e9s administratives requises pour les divers services que vous offre notre D\u00e9partement.<\/p>\n<p style=\"text-align: center;\"><strong>Gaston ELOUNDOU ESSOMBA<\/strong><\/p>\n<p style=\"text-align: center;\"><em>Minister of Water Resources and Energy<\/em><\/p>\n<p>&nbsp;<\/p>","protected":false},"excerpt":{"rendered":"<p>&nbsp; Je vous souhaite la bienvenue sur le site Web du Minist\u00e8re de l\u2019Eau et&#8230;<\/p>\n","protected":false},"author":20,"featured_media":0,"parent":0,"menu_order":0,"comment_status":"closed","ping_status":"closed","template":"","meta":{"footnotes":""},"class_list":["post-159","page","type-page","status-publish","hentry"],"_links":{"self":[{"href":"https:\/\/minee.cm\/en\/wp-json\/wp\/v2\/pages\/159","targetHints":{"allow":["GET"]}}],"collection":[{"href":"https:\/\/minee.cm\/en\/wp-json\/wp\/v2\/pages"}],"about":[{"href":"https:\/\/minee.cm\/en\/wp-json\/wp\/v2\/types\/page"}],"author":[{"embeddable":true,"href":"https:\/\/minee.cm\/en\/wp-json\/wp\/v2\/users\/20"}],"replies":[{"embeddable":true,"href":"https:\/\/minee.cm\/en\/wp-json\/wp\/v2\/comments?post=159"}],"version-history":[{"count":27,"href":"https:\/\/minee.cm\/en\/wp-json\/wp\/v2\/pages\/159\/revisions"}],"predecessor-version":[{"id":672,"href":"https:\/\/minee.cm\/en\/wp-json\/wp\/v2\/pages\/159\/revisions\/672"}],"wp:attachment":[{"href":"https:\/\/minee.cm\/en\/wp-json\/wp\/v2\/media?parent=159"}],"curies":[{"name":"wp","href":"https:\/\/api.w.org\/{rel}","templated":true}]}}