{"id":240,"date":"2022-10-23T03:47:24","date_gmt":"2022-10-23T01:47:24","guid":{"rendered":"https:\/\/minee.cm\/?page_id=240"},"modified":"2022-11-01T03:51:51","modified_gmt":"2022-11-01T02:51:51","slug":"le-secretaire-general","status":"publish","type":"page","link":"https:\/\/minee.cm\/en\/le-secretaire-general\/","title":{"rendered":"Le Secr\u00e9taire G\u00e9n\u00e9ral"},"content":{"rendered":"","protected":false},"excerpt":{"rendered":"","protected":false},"author":20,"featured_media":0,"parent":0,"menu_order":0,"comment_status":"closed","ping_status":"closed","template":"","meta":{"footnotes":""},"class_list":["post-240","page","type-page","status-publish","hentry"],"_links":{"self":[{"href":"https:\/\/minee.cm\/en\/wp-json\/wp\/v2\/pages\/240","targetHints":{"allow":["GET"]}}],"collection":[{"href":"https:\/\/minee.cm\/en\/wp-json\/wp\/v2\/pages"}],"about":[{"href":"https:\/\/minee.cm\/en\/wp-json\/wp\/v2\/types\/page"}],"author":[{"embeddable":true,"href":"https:\/\/minee.cm\/en\/wp-json\/wp\/v2\/users\/20"}],"replies":[{"embeddable":true,"href":"https:\/\/minee.cm\/en\/wp-json\/wp\/v2\/comments?post=240"}],"version-history":[{"count":3,"href":"https:\/\/minee.cm\/en\/wp-json\/wp\/v2\/pages\/240\/revisions"}],"predecessor-version":[{"id":707,"href":"https:\/\/minee.cm\/en\/wp-json\/wp\/v2\/pages\/240\/revisions\/707"}],"wp:attachment":[{"href":"https:\/\/minee.cm\/en\/wp-json\/wp\/v2\/media?parent=240"}],"curies":[{"name":"wp","href":"https:\/\/api.w.org\/{rel}","templated":true}]}}