{"id":248,"date":"2022-10-23T03:50:29","date_gmt":"2022-10-23T01:50:29","guid":{"rendered":"https:\/\/minee.cm\/?page_id=248"},"modified":"2022-10-23T03:50:29","modified_gmt":"2022-10-23T01:50:29","slug":"delegations-regionales","status":"publish","type":"page","link":"https:\/\/minee.cm\/en\/delegations-regionales\/","title":{"rendered":"D\u00e9l\u00e9gations R\u00e9gionales"},"content":{"rendered":"","protected":false},"excerpt":{"rendered":"","protected":false},"author":20,"featured_media":0,"parent":0,"menu_order":0,"comment_status":"closed","ping_status":"closed","template":"","meta":{"footnotes":""},"class_list":["post-248","page","type-page","status-publish","hentry"],"_links":{"self":[{"href":"https:\/\/minee.cm\/en\/wp-json\/wp\/v2\/pages\/248","targetHints":{"allow":["GET"]}}],"collection":[{"href":"https:\/\/minee.cm\/en\/wp-json\/wp\/v2\/pages"}],"about":[{"href":"https:\/\/minee.cm\/en\/wp-json\/wp\/v2\/types\/page"}],"author":[{"embeddable":true,"href":"https:\/\/minee.cm\/en\/wp-json\/wp\/v2\/users\/20"}],"replies":[{"embeddable":true,"href":"https:\/\/minee.cm\/en\/wp-json\/wp\/v2\/comments?post=248"}],"version-history":[{"count":1,"href":"https:\/\/minee.cm\/en\/wp-json\/wp\/v2\/pages\/248\/revisions"}],"predecessor-version":[{"id":249,"href":"https:\/\/minee.cm\/en\/wp-json\/wp\/v2\/pages\/248\/revisions\/249"}],"wp:attachment":[{"href":"https:\/\/minee.cm\/en\/wp-json\/wp\/v2\/media?parent=248"}],"curies":[{"name":"wp","href":"https:\/\/api.w.org\/{rel}","templated":true}]}}