{"id":256,"date":"2022-10-23T03:54:02","date_gmt":"2022-10-23T01:54:02","guid":{"rendered":"https:\/\/minee.cm\/?page_id=256"},"modified":"2022-10-23T03:54:02","modified_gmt":"2022-10-23T01:54:02","slug":"produits-petroliers-et-gaz","status":"publish","type":"page","link":"https:\/\/minee.cm\/en\/produits-petroliers-et-gaz\/","title":{"rendered":"Petroleum and Gas Products"},"content":{"rendered":"<p class=\"bodytext\">Le Secteur des Produits P\u00e9troliers et Gaz est charg\u00e9 :<\/p>\n<ul>\n<li>du suivi et du contr\u00f4le des activit\u00e9s de stockage, de transport, de distribution, d&#8217;importation et d&#8217;exportation des produits p\u00e9troliers et gaziers ;<\/li>\n<li>du contr\u00f4le des stocks r\u00e9glementaires des produits p\u00e9troliers et gaziers ;<\/li>\n<li>du contr\u00f4le de la qualit\u00e9 des produits p\u00e9troliers et gaziers ;<\/li>\n<li>du suivi des activit\u00e9s de la Commission Nationale des Produits P\u00e9troliers ;<\/li>\n<li>de la tarification des produits p\u00e9troliers, en liaison avec les Minist\u00e8res et organismes concern\u00e9s ;<\/li>\n<li>du suivi de l&#8217;\u00e9volution de l&#8217;offre et de la demande des produits p\u00e9troliers et gaziers.<\/li>\n<\/ul>\n","protected":false},"excerpt":{"rendered":"<p>Le Secteur des Produits P\u00e9troliers et Gaz est charg\u00e9 : du suivi et du contr\u00f4le&#8230;<\/p>\n","protected":false},"author":20,"featured_media":0,"parent":0,"menu_order":0,"comment_status":"closed","ping_status":"closed","template":"","meta":{"footnotes":""},"class_list":["post-256","page","type-page","status-publish","hentry"],"_links":{"self":[{"href":"https:\/\/minee.cm\/en\/wp-json\/wp\/v2\/pages\/256","targetHints":{"allow":["GET"]}}],"collection":[{"href":"https:\/\/minee.cm\/en\/wp-json\/wp\/v2\/pages"}],"about":[{"href":"https:\/\/minee.cm\/en\/wp-json\/wp\/v2\/types\/page"}],"author":[{"embeddable":true,"href":"https:\/\/minee.cm\/en\/wp-json\/wp\/v2\/users\/20"}],"replies":[{"embeddable":true,"href":"https:\/\/minee.cm\/en\/wp-json\/wp\/v2\/comments?post=256"}],"version-history":[{"count":1,"href":"https:\/\/minee.cm\/en\/wp-json\/wp\/v2\/pages\/256\/revisions"}],"predecessor-version":[{"id":257,"href":"https:\/\/minee.cm\/en\/wp-json\/wp\/v2\/pages\/256\/revisions\/257"}],"wp:attachment":[{"href":"https:\/\/minee.cm\/en\/wp-json\/wp\/v2\/media?parent=256"}],"curies":[{"name":"wp","href":"https:\/\/api.w.org\/{rel}","templated":true}]}}