{"id":258,"date":"2022-10-23T03:56:06","date_gmt":"2022-10-23T01:56:06","guid":{"rendered":"https:\/\/minee.cm\/?page_id=258"},"modified":"2022-10-23T03:56:06","modified_gmt":"2022-10-23T01:56:06","slug":"energie-renouvelable","status":"publish","type":"page","link":"https:\/\/minee.cm\/en\/energie-renouvelable\/","title":{"rendered":"Renewable energy"},"content":{"rendered":"<div class=\"csc-header csc-header-n1\">\n<h1 class=\"csc-firstHeader\"><span style=\"font-size: 16px;\">Le secteur des Energies Renouvelables est charg\u00e9 de:<\/span><\/h1>\n<\/div>\n<ul>\n<li>la conception, de la formulation et de la mise en oeuvre des politiques et strat\u00e9gies du domaine des \u00e9nergies renouvelables et de la ma\u00eetrise de l\u2019\u00e9nergie, en liaison avec les administrations et les organismes concern\u00e9s ;<\/li>\n<\/ul>\n<ul>\n<li>\u00a0la prospection et de l\u2019inventaire des ressources d\u2019\u00e9nergies renouvelables ;<\/li>\n<\/ul>\n<ul>\n<li>la recherche appliqu\u00e9e et du transfert des technologies dans le domaine des \u00e9nergies renouvelables, en liaison avec les administrations et les organismes concern\u00e9s ;<\/li>\n<\/ul>\n<ul>\n<li>\u00a0la promotion, de la valorisation et de la vulgarisation des \u00e9nergies renouvelables ;<\/li>\n<\/ul>\n<ul>\n<li>la promotion des \u00e9conomies d\u2019\u00e9nergie et des substitutions inter-\u00e9nergies ;<\/li>\n<\/ul>\n<ul>\n<li>\u00a0la mise en place et de la promotion du syst\u00e8me d\u2019information sur l\u2019\u00e9nergie ;<\/li>\n<\/ul>\n<ul>\n<li>\u00a0de la d\u00e9finition et du suivi des actions \u00e0 mener en vue de prendre en compte la gestion des implications environnementales dans tous les grands projets relevant du domaine de l\u2019\u00e9nergie, en liaison avec le Minist\u00e8re en charge de l\u2019environnement et les administrations concern\u00e9es ;<\/li>\n<\/ul>\n<ul>\n<li>\u00a0l\u2019application des mesures de s\u00e9curit\u00e9 dans les installations de production et d\u2019utilisation des \u00e9nergies renouvelables.<\/li>\n<\/ul>\n","protected":false},"excerpt":{"rendered":"<p>Le secteur des Energies Renouvelables est charg\u00e9 de: la conception, de la formulation et de&#8230;<\/p>\n","protected":false},"author":20,"featured_media":0,"parent":0,"menu_order":0,"comment_status":"closed","ping_status":"closed","template":"","meta":{"footnotes":""},"class_list":["post-258","page","type-page","status-publish","hentry"],"_links":{"self":[{"href":"https:\/\/minee.cm\/en\/wp-json\/wp\/v2\/pages\/258","targetHints":{"allow":["GET"]}}],"collection":[{"href":"https:\/\/minee.cm\/en\/wp-json\/wp\/v2\/pages"}],"about":[{"href":"https:\/\/minee.cm\/en\/wp-json\/wp\/v2\/types\/page"}],"author":[{"embeddable":true,"href":"https:\/\/minee.cm\/en\/wp-json\/wp\/v2\/users\/20"}],"replies":[{"embeddable":true,"href":"https:\/\/minee.cm\/en\/wp-json\/wp\/v2\/comments?post=258"}],"version-history":[{"count":1,"href":"https:\/\/minee.cm\/en\/wp-json\/wp\/v2\/pages\/258\/revisions"}],"predecessor-version":[{"id":259,"href":"https:\/\/minee.cm\/en\/wp-json\/wp\/v2\/pages\/258\/revisions\/259"}],"wp:attachment":[{"href":"https:\/\/minee.cm\/en\/wp-json\/wp\/v2\/media?parent=258"}],"curies":[{"name":"wp","href":"https:\/\/api.w.org\/{rel}","templated":true}]}}