{"id":260,"date":"2022-10-23T04:00:45","date_gmt":"2022-10-23T02:00:45","guid":{"rendered":"https:\/\/minee.cm\/?page_id=260"},"modified":"2022-10-23T04:00:45","modified_gmt":"2022-10-23T02:00:45","slug":"projets","status":"publish","type":"page","link":"https:\/\/minee.cm\/en\/projets\/","title":{"rendered":"Projects"},"content":{"rendered":"<h3 class=\"csc-firstHeader\">MINEE EN 2022<\/h3>\n<p><img fetchpriority=\"high\" decoding=\"async\" class=\"wp-image-261 size-full aligncenter\" src=\"https:\/\/minee.cm\/wp-content\/uploads\/2022\/10\/Depliant_photo_Fr.jpg\" alt=\"\" width=\"273\" height=\"537\" srcset=\"https:\/\/minee.cm\/wp-content\/uploads\/2022\/10\/Depliant_photo_Fr.jpg 273w, https:\/\/minee.cm\/wp-content\/uploads\/2022\/10\/Depliant_photo_Fr-153x300.jpg 153w\" sizes=\"(max-width: 273px) 100vw, 273px\" \/><\/p>\n<p><a href=\"https:\/\/minee.cm\/wp-content\/uploads\/2022\/10\/DEPLIANT_2022_MINEE_Francais.Version_finale-2.pdf\" target=\"_blank\" rel=\"noopener\">T\u00e9l\u00e9charger le D\u00e9pliant 2022 du MINEE<\/a><\/p>\n","protected":false},"excerpt":{"rendered":"<p>MINEE EN 2022 T\u00e9l\u00e9charger le D\u00e9pliant 2022 du MINEE<\/p>\n","protected":false},"author":20,"featured_media":0,"parent":0,"menu_order":0,"comment_status":"closed","ping_status":"closed","template":"","meta":{"footnotes":""},"class_list":["post-260","page","type-page","status-publish","hentry"],"_links":{"self":[{"href":"https:\/\/minee.cm\/en\/wp-json\/wp\/v2\/pages\/260","targetHints":{"allow":["GET"]}}],"collection":[{"href":"https:\/\/minee.cm\/en\/wp-json\/wp\/v2\/pages"}],"about":[{"href":"https:\/\/minee.cm\/en\/wp-json\/wp\/v2\/types\/page"}],"author":[{"embeddable":true,"href":"https:\/\/minee.cm\/en\/wp-json\/wp\/v2\/users\/20"}],"replies":[{"embeddable":true,"href":"https:\/\/minee.cm\/en\/wp-json\/wp\/v2\/comments?post=260"}],"version-history":[{"count":1,"href":"https:\/\/minee.cm\/en\/wp-json\/wp\/v2\/pages\/260\/revisions"}],"predecessor-version":[{"id":263,"href":"https:\/\/minee.cm\/en\/wp-json\/wp\/v2\/pages\/260\/revisions\/263"}],"wp:attachment":[{"href":"https:\/\/minee.cm\/en\/wp-json\/wp\/v2\/media?parent=260"}],"curies":[{"name":"wp","href":"https:\/\/api.w.org\/{rel}","templated":true}]}}